{"id":494,"date":"2025-07-10T10:51:13","date_gmt":"2025-07-10T08:51:13","guid":{"rendered":"https:\/\/en-jeux.fr\/?page_id=494"},"modified":"2025-08-24T22:33:05","modified_gmt":"2025-08-24T20:33:05","slug":"notre-offre","status":"publish","type":"page","link":"https:\/\/en-jeux.fr\/index.php\/notre-offre\/","title":{"rendered":"Notre Offre"},"content":{"rendered":"\t\t<div data-elementor-type=\"wp-page\" data-elementor-id=\"494\" class=\"elementor elementor-494\">\n\t\t\t\t<div class=\"elementor-element elementor-element-5244c3ee e-flex e-con-boxed e-con e-parent\" data-id=\"5244c3ee\" data-element_type=\"container\">\n\t\t\t\t\t<div class=\"e-con-inner\">\n\t\t\t\t<div class=\"elementor-element elementor-element-4e3b9fe8 elementor-widget__width-inherit elementor-widget elementor-widget-heading\" data-id=\"4e3b9fe8\" data-element_type=\"widget\" data-widget_type=\"heading.default\">\n\t\t\t\t<div class=\"elementor-widget-container\">\n\t\t\t\t\t<h1 class=\"elementor-heading-title elementor-size-default\">La m\u00e9thode En Jeux\u00ae au service de vos enjeux<\/h1>\t\t\t\t<\/div>\n\t\t\t\t<\/div>\n\t\t\t\t<div class=\"elementor-element elementor-element-67dac8bd elementor-widget__width-inherit elementor-widget elementor-widget-text-editor\" data-id=\"67dac8bd\" data-element_type=\"widget\" data-widget_type=\"text-editor.default\">\n\t\t\t\t<div class=\"elementor-widget-container\">\n\t\t\t\t\t\t\t\t\t<p>\u00a0<\/p><p>En Jeux\u00ae met la puissance du jeu au c\u0153ur de vos transformations. Que vous soyez une entreprise, une association ou un \u00e9tablissement d\u2019enseignement, nos <strong>serious games<\/strong> permettent de mobiliser l\u2019intelligence collective autour de vos enjeux RSE, manag\u00e9riaux ou p\u00e9dagogiques.<\/p><p>D\u00e9couvrez nos formats adapt\u00e9s \u00e0 vos objectifs et \u00e0 votre public.<\/p>\t\t\t\t\t\t\t\t<\/div>\n\t\t\t\t<\/div>\n\t\t<div class=\"elementor-element elementor-element-5dd75e88 e-con-full e-grid e-con e-child\" data-id=\"5dd75e88\" data-element_type=\"container\">\n\t\t<div class=\"elementor-element elementor-element-56190b7 e-con-full e-flex e-con e-child\" data-id=\"56190b7\" data-element_type=\"container\">\n\t\t<div class=\"elementor-element elementor-element-4cef8d20 e-con-full e-flex e-con e-child\" data-id=\"4cef8d20\" data-element_type=\"container\">\n\t\t\t\t<div class=\"elementor-element elementor-element-1f68db06 elementor-widget elementor-widget-heading\" data-id=\"1f68db06\" data-element_type=\"widget\" data-widget_type=\"heading.default\">\n\t\t\t\t<div class=\"elementor-widget-container\">\n\t\t\t\t\t<h2 class=\"elementor-heading-title elementor-size-default\">\ud83d\udca1 Atelier d\u2019inspiration<\/h2>\t\t\t\t<\/div>\n\t\t\t\t<\/div>\n\t\t\t\t<div class=\"elementor-element elementor-element-938dc81 elementor-widget elementor-widget-text-editor\" data-id=\"938dc81\" data-element_type=\"widget\" data-widget_type=\"text-editor.default\">\n\t\t\t\t<div class=\"elementor-widget-container\">\n\t\t\t\t\t\t\t\t\t<p>Un atelier court pour <strong>stimuler l\u2019innovation collaborative<\/strong> sur une th\u00e9matique choisie.<\/p><ul><li><strong>Dur\u00e9e :<\/strong> 3 \u00e0 4h<\/li><li><strong>Participants :<\/strong> jusqu\u2019\u00e0 12 personnes<\/li><li><strong>Tarif : <\/strong>\u00e0 partir\u00a01000 \u20ac HT (600 \u20ac HT pour les structures ESS)<\/li><\/ul>\t\t\t\t\t\t\t\t<\/div>\n\t\t\t\t<\/div>\n\t\t\t\t<div class=\"elementor-element elementor-element-3dae96e2 elementor-widget elementor-widget-button\" data-id=\"3dae96e2\" data-element_type=\"widget\" data-widget_type=\"button.default\">\n\t\t\t\t<div class=\"elementor-widget-container\">\n\t\t\t\t\t\t\t\t\t<div class=\"elementor-button-wrapper\">\n\t\t\t\t\t<a class=\"elementor-button elementor-button-link elementor-size-sm\" href=\"https:\/\/en-jeux.fr\/index.php\/contact\/\">\n\t\t\t\t\t\t<span class=\"elementor-button-content-wrapper\">\n\t\t\t\t\t\t<span class=\"elementor-button-icon\">\n\t\t\t\t<svg aria-hidden=\"true\" class=\"e-font-icon-svg e-fas-arrow-right\" viewBox=\"0 0 448 512\" xmlns=\"http:\/\/www.w3.org\/2000\/svg\"><path d=\"M190.5 66.9l22.2-22.2c9.4-9.4 24.6-9.4 33.9 0L441 239c9.4 9.4 9.4 24.6 0 33.9L246.6 467.3c-9.4 9.4-24.6 9.4-33.9 0l-22.2-22.2c-9.5-9.5-9.3-25 .4-34.3L311.4 296H24c-13.3 0-24-10.7-24-24v-32c0-13.3 10.7-24 24-24h287.4L190.9 101.2c-9.8-9.3-10-24.8-.4-34.3z\"><\/path><\/svg>\t\t\t<\/span>\n\t\t\t\t\t\t\t\t\t<span class=\"elementor-button-text\">\ud83d\uddd3 R\u00e9server un atelier d\u2019inspiration<\/span>\n\t\t\t\t\t<\/span>\n\t\t\t\t\t<\/a>\n\t\t\t\t<\/div>\n\t\t\t\t\t\t\t\t<\/div>\n\t\t\t\t<\/div>\n\t\t\t\t<\/div>\n\t\t\t\t<\/div>\n\t\t<div class=\"elementor-element elementor-element-6a75365c e-con-full e-flex e-con e-child\" data-id=\"6a75365c\" data-element_type=\"container\">\n\t\t<div class=\"elementor-element elementor-element-727b15ed e-con-full e-flex e-con e-child\" data-id=\"727b15ed\" data-element_type=\"container\">\n\t\t\t\t<div class=\"elementor-element elementor-element-76788092 elementor-widget elementor-widget-heading\" data-id=\"76788092\" data-element_type=\"widget\" data-widget_type=\"heading.default\">\n\t\t\t\t<div class=\"elementor-widget-container\">\n\t\t\t\t\t<h2 class=\"elementor-heading-title elementor-size-default\">\ud83e\udde9 Formation professionnelle<\/h2>\t\t\t\t<\/div>\n\t\t\t\t<\/div>\n\t\t\t\t<div class=\"elementor-element elementor-element-2bc0ba91 elementor-widget elementor-widget-text-editor\" data-id=\"2bc0ba91\" data-element_type=\"widget\" data-widget_type=\"text-editor.default\">\n\t\t\t\t<div class=\"elementor-widget-container\">\n\t\t\t\t\t\t\t\t\t<p>Une <strong>intervention sur-mesure<\/strong> pour r\u00e9soudre vos enjeux strat\u00e9giques en activant l\u2019intelligence collective. Livrables ou certificat inclus.<\/p><ul><li><strong>Participants :<\/strong> jusqu\u2019\u00e0 12 ou 24 personnes<\/li><li><strong>Dur\u00e9e :<\/strong> \u00bd journ\u00e9e<\/li><li><strong>Tarif :<\/strong>\u00a0\u00e0 partir de 1800 \u20ac HT (12 pers) \u2013 2500 \u20ac HT (24 pers)<\/li><\/ul>\t\t\t\t\t\t\t\t<\/div>\n\t\t\t\t<\/div>\n\t\t\t\t<div class=\"elementor-element elementor-element-32fb9ed3 elementor-widget elementor-widget-button\" data-id=\"32fb9ed3\" data-element_type=\"widget\" data-widget_type=\"button.default\">\n\t\t\t\t<div class=\"elementor-widget-container\">\n\t\t\t\t\t\t\t\t\t<div class=\"elementor-button-wrapper\">\n\t\t\t\t\t<a class=\"elementor-button elementor-button-link elementor-size-sm\" href=\"https:\/\/en-jeux.fr\/index.php\/contact\/\">\n\t\t\t\t\t\t<span class=\"elementor-button-content-wrapper\">\n\t\t\t\t\t\t<span class=\"elementor-button-icon\">\n\t\t\t\t<svg aria-hidden=\"true\" class=\"e-font-icon-svg e-fas-arrow-right\" viewBox=\"0 0 448 512\" xmlns=\"http:\/\/www.w3.org\/2000\/svg\"><path d=\"M190.5 66.9l22.2-22.2c9.4-9.4 24.6-9.4 33.9 0L441 239c9.4 9.4 9.4 24.6 0 33.9L246.6 467.3c-9.4 9.4-24.6 9.4-33.9 0l-22.2-22.2c-9.5-9.5-9.3-25 .4-34.3L311.4 296H24c-13.3 0-24-10.7-24-24v-32c0-13.3 10.7-24 24-24h287.4L190.9 101.2c-9.8-9.3-10-24.8-.4-34.3z\"><\/path><\/svg>\t\t\t<\/span>\n\t\t\t\t\t\t\t\t\t<span class=\"elementor-button-text\">\ud83d\udcde Planifier un atelier sur-mesure<\/span>\n\t\t\t\t\t<\/span>\n\t\t\t\t\t<\/a>\n\t\t\t\t<\/div>\n\t\t\t\t\t\t\t\t<\/div>\n\t\t\t\t<\/div>\n\t\t\t\t<\/div>\n\t\t\t\t<\/div>\n\t\t<div class=\"elementor-element elementor-element-cbe33ac e-con-full e-flex e-con e-child\" data-id=\"cbe33ac\" data-element_type=\"container\">\n\t\t\t\t<div class=\"elementor-element elementor-element-83782e1 elementor-widget elementor-widget-heading\" data-id=\"83782e1\" data-element_type=\"widget\" data-widget_type=\"heading.default\">\n\t\t\t\t<div class=\"elementor-widget-container\">\n\t\t\t\t\t<h2 class=\"elementor-heading-title elementor-size-default\"><img decoding=\"async\" draggable=\"false\" role=\"img\" class=\"emoji\" alt=\"\ud83c\udf89\" src=\"https:\/\/s.w.org\/images\/core\/emoji\/15.1.0\/svg\/1f389.svg\"> \u00c9vent grand format<\/h2>\t\t\t\t<\/div>\n\t\t\t\t<\/div>\n\t\t\t\t<div class=\"elementor-element elementor-element-5715c83 elementor-widget elementor-widget-text-editor\" data-id=\"5715c83\" data-element_type=\"widget\" data-widget_type=\"text-editor.default\">\n\t\t\t\t<div class=\"elementor-widget-container\">\n\t\t\t\t\t\t\t\t\t<p>Proposez une exp\u00e9rience collaborative \u00e0 grande \u00e9chelle (s\u00e9minaire, journ\u00e9e d\u2019\u00e9quipe, \u00e9v\u00e9nement RSE) avec la m\u00e9thodologie En Jeux\u00ae comme catalyseur d&rsquo;engagement.<\/p><p><b>Dur\u00e9e <\/b>: \u00e0 partir d\u20191 journ\u00e9e<\/p><p><b>Tarif <\/b>: sur demande<\/p>\t\t\t\t\t\t\t\t<\/div>\n\t\t\t\t<\/div>\n\t\t\t\t<div class=\"elementor-element elementor-element-aa0876f elementor-widget elementor-widget-button\" data-id=\"aa0876f\" data-element_type=\"widget\" data-widget_type=\"button.default\">\n\t\t\t\t<div class=\"elementor-widget-container\">\n\t\t\t\t\t\t\t\t\t<div class=\"elementor-button-wrapper\">\n\t\t\t\t\t<a class=\"elementor-button elementor-button-link elementor-size-sm\" href=\"https:\/\/en-jeux.fr\/index.php\/contact\/\">\n\t\t\t\t\t\t<span class=\"elementor-button-content-wrapper\">\n\t\t\t\t\t\t<span class=\"elementor-button-icon\">\n\t\t\t\t<svg aria-hidden=\"true\" class=\"e-font-icon-svg e-fas-arrow-right\" viewBox=\"0 0 448 512\" xmlns=\"http:\/\/www.w3.org\/2000\/svg\"><path d=\"M190.5 66.9l22.2-22.2c9.4-9.4 24.6-9.4 33.9 0L441 239c9.4 9.4 9.4 24.6 0 33.9L246.6 467.3c-9.4 9.4-24.6 9.4-33.9 0l-22.2-22.2c-9.5-9.5-9.3-25 .4-34.3L311.4 296H24c-13.3 0-24-10.7-24-24v-32c0-13.3 10.7-24 24-24h287.4L190.9 101.2c-9.8-9.3-10-24.8-.4-34.3z\"><\/path><\/svg>\t\t\t<\/span>\n\t\t\t\t\t\t\t\t\t<span class=\"elementor-button-text\">\ud83c\udf89 Demander un devis \u00e9v\u00e9nementiel<\/span>\n\t\t\t\t\t<\/span>\n\t\t\t\t\t<\/a>\n\t\t\t\t<\/div>\n\t\t\t\t\t\t\t\t<\/div>\n\t\t\t\t<\/div>\n\t\t\t\t<\/div>\n\t\t\t\t<\/div>\n\t\t\t\t\t<\/div>\n\t\t\t\t<\/div>\n\t\t<div class=\"elementor-element elementor-element-010f44b e-flex e-con-boxed e-con e-parent\" data-id=\"010f44b\" data-element_type=\"container\">\n\t\t\t\t\t<div class=\"e-con-inner\">\n\t\t\t\t<div class=\"elementor-element elementor-element-4dabe71 elementor-widget elementor-widget-spacer\" data-id=\"4dabe71\" data-element_type=\"widget\" data-widget_type=\"spacer.default\">\n\t\t\t\t<div class=\"elementor-widget-container\">\n\t\t\t\t\t\t\t<div class=\"elementor-spacer\">\n\t\t\t<div class=\"elementor-spacer-inner\"><\/div>\n\t\t<\/div>\n\t\t\t\t\t\t<\/div>\n\t\t\t\t<\/div>\n\t\t\t\t\t<\/div>\n\t\t\t\t<\/div>\n\t\t<div class=\"elementor-element elementor-element-59d28c5 e-flex e-con-boxed e-con e-parent\" data-id=\"59d28c5\" data-element_type=\"container\" data-settings=\"{&quot;background_background&quot;:&quot;classic&quot;,&quot;shape_divider_top&quot;:&quot;pyramids&quot;,&quot;shape_divider_top_negative&quot;:&quot;yes&quot;}\">\n\t\t\t\t\t<div class=\"e-con-inner\">\n\t\t\t\t<div class=\"elementor-shape elementor-shape-top\" data-negative=\"true\">\n\t\t\t<svg xmlns=\"http:\/\/www.w3.org\/2000\/svg\" viewBox=\"0 0 1000 100\" preserveAspectRatio=\"none\">\n\t<path class=\"elementor-shape-fill\" d=\"M761.9,40.6L643.1,24L333.9,93.8L0.1,1H0v99h1000V1\"\/>\n<\/svg>\t\t<\/div>\n\t\t<div class=\"elementor-element elementor-element-dbb08e5 e-con-full e-flex e-con e-child\" data-id=\"dbb08e5\" data-element_type=\"container\">\n\t\t\t\t<div class=\"elementor-element elementor-element-07a63b0 elementor-widget elementor-widget-spacer\" data-id=\"07a63b0\" data-element_type=\"widget\" data-widget_type=\"spacer.default\">\n\t\t\t\t<div class=\"elementor-widget-container\">\n\t\t\t\t\t\t\t<div class=\"elementor-spacer\">\n\t\t\t<div class=\"elementor-spacer-inner\"><\/div>\n\t\t<\/div>\n\t\t\t\t\t\t<\/div>\n\t\t\t\t<\/div>\n\t\t\t\t<div class=\"elementor-element elementor-element-d392cc2 elementor-widget elementor-widget-text-editor\" data-id=\"d392cc2\" data-element_type=\"widget\" data-widget_type=\"text-editor.default\">\n\t\t\t\t<div class=\"elementor-widget-container\">\n\t\t\t\t\t\t\t\t\t<h3>Devenir animateur de la m\u00e9thode et se former \u00e0 la ludop\u00e9dagogie<\/h3><p>Prochainement disponible : formez-vous pour <strong>utiliser commercialement<\/strong> les outils En Jeux\u00ae aupr\u00e8s de vos propres clients et int\u00e9grer la m\u00e9thode \u00e0 votre offre de services.<\/p>\t\t\t\t\t\t\t\t<\/div>\n\t\t\t\t<\/div>\n\t\t\t\t<div class=\"elementor-element elementor-element-a266a24 elementor-align-center elementor-widget elementor-widget-button\" data-id=\"a266a24\" data-element_type=\"widget\" data-widget_type=\"button.default\">\n\t\t\t\t<div class=\"elementor-widget-container\">\n\t\t\t\t\t\t\t\t\t<div class=\"elementor-button-wrapper\">\n\t\t\t\t\t<a class=\"elementor-button elementor-button-link elementor-size-sm\" href=\"https:\/\/www.linkedin.com\/company\/caporg\/\" target=\"_blank\">\n\t\t\t\t\t\t<span class=\"elementor-button-content-wrapper\">\n\t\t\t\t\t\t\t\t\t<span class=\"elementor-button-text\">\u00catre alert\u00e9 du lancement<\/span>\n\t\t\t\t\t<\/span>\n\t\t\t\t\t<\/a>\n\t\t\t\t<\/div>\n\t\t\t\t\t\t\t\t<\/div>\n\t\t\t\t<\/div>\n\t\t\t\t<div class=\"elementor-element elementor-element-0d1feeb elementor-widget elementor-widget-spacer\" data-id=\"0d1feeb\" data-element_type=\"widget\" data-widget_type=\"spacer.default\">\n\t\t\t\t<div class=\"elementor-widget-container\">\n\t\t\t\t\t\t\t<div class=\"elementor-spacer\">\n\t\t\t<div class=\"elementor-spacer-inner\"><\/div>\n\t\t<\/div>\n\t\t\t\t\t\t<\/div>\n\t\t\t\t<\/div>\n\t\t\t\t<div class=\"elementor-element elementor-element-49096df elementor-widget elementor-widget-text-editor\" data-id=\"49096df\" data-element_type=\"widget\" data-widget_type=\"text-editor.default\">\n\t\t\t\t<div class=\"elementor-widget-container\">\n\t\t\t\t\t\t\t\t\t<h4><img decoding=\"async\" class=\"emoji\" role=\"img\" draggable=\"false\" src=\"https:\/\/s.w.org\/images\/core\/emoji\/15.1.0\/svg\/1f4e6.svg\" alt=\"\ud83d\udce6\" \/> Ann\u00e9e 1 \u2013 Formation initiale &amp; ressources incluses<\/h4><ul><li><p>1,5 jour de formation en pr\u00e9sentiel, centr\u00e9e sur les principes de la p\u00e9dagogie active et ludique<\/p><\/li><li><p>4 modules e-learning compl\u00e9mentaires (\u00bd journ\u00e9e chacun) sur l\u2019animation et la facilitation<\/p><\/li><li><p>1 bo\u00eete de jeu En Jeux\u00ae avec toutes les \u00e9ditions officielles<\/p><\/li><li><p>Une licence commerciale exclusive pour animer En Jeux\u00ae avec vos propres clients<\/p><\/li><li><p>Acc\u00e8s \u00e0 notre plateforme collaborative, anim\u00e9e par des experts, pour enrichir vos pratiques<\/p><\/li><\/ul><div><h5>\u00a0 \u00a0 \u00a0 \u00a0 \u00a0 \u00a0 \u00a0 \u00a0 \u00a0 \u00a0 \u00a0 \u00a0 \u00a0 \u00a0 \u00a0 \u00a0 \u00a0 \u00a0 \u00a0 \u00a0 \u00a0 \u00a0 \u00a0 \u00a0 \u00a0 \u00a0 \u00a0 \u00a0 \u00a0 \u00a0 \u00a0 \u00a0 \u00a0 Tarification<\/h5><p><strong style=\"background-color: transparent;\" data-start=\"471\" data-end=\"484\">\u00a0 \u00a0 \u00a0 \u00a0 \u00a0 \u00a0 \u00a0 \u00a0 \u00a0 \u00a0 \u00a0 \u00a0 \u00a0 \u00a0 \u00a0 \u00a07500 \u20ac HT<\/strong><span style=\"background-color: transparent;\"> pour un groupe de 3 personnes (minimum)<\/span><\/p><\/div>\t\t\t\t\t\t\t\t<\/div>\n\t\t\t\t<\/div>\n\t\t\t\t<div class=\"elementor-element elementor-element-67f8435 elementor-widget elementor-widget-spacer\" data-id=\"67f8435\" data-element_type=\"widget\" data-widget_type=\"spacer.default\">\n\t\t\t\t<div class=\"elementor-widget-container\">\n\t\t\t\t\t\t\t<div class=\"elementor-spacer\">\n\t\t\t<div class=\"elementor-spacer-inner\"><\/div>\n\t\t<\/div>\n\t\t\t\t\t\t<\/div>\n\t\t\t\t<\/div>\n\t\t\t\t<div class=\"elementor-element elementor-element-3772687 elementor-widget elementor-widget-text-editor\" data-id=\"3772687\" data-element_type=\"widget\" data-widget_type=\"text-editor.default\">\n\t\t\t\t<div class=\"elementor-widget-container\">\n\t\t\t\t\t\t\t\t\t<h4 data-start=\"1069\" data-end=\"1128\"><img decoding=\"async\" class=\"emoji\" role=\"img\" draggable=\"false\" src=\"https:\/\/s.w.org\/images\/core\/emoji\/15.1.0\/svg\/1f504.svg\" alt=\"\ud83d\udd04\" \/> Ann\u00e9es suivantes \u2013 Accompagnement &amp; perfectionnement<\/h4><ul data-start=\"1129\" data-end=\"1349\"><li data-start=\"1129\" data-end=\"1185\"><p data-start=\"1131\" data-end=\"1185\">Renouvellement de la licence et de la bo\u00eete En Jeux\u00ae<\/p><\/li><li data-start=\"1186\" data-end=\"1271\"><p data-start=\"1188\" data-end=\"1271\">Acc\u00e8s privil\u00e9gi\u00e9 \u00e0 des formations compl\u00e9mentaires, masterclass et nouveaux outils<\/p><\/li><li data-start=\"1272\" data-end=\"1349\"><p data-start=\"1274\" data-end=\"1349\">Une communaut\u00e9 active et une plateforme en ligne pour continuer \u00e0 \u00e9voluer<\/p><\/li><\/ul><div>\u00a0<\/div><div><h5>\u00a0 \u00a0 \u00a0 \u00a0 \u00a0 \u00a0 \u00a0 \u00a0 \u00a0 \u00a0 \u00a0 \u00a0 \u00a0 \u00a0 \u00a0 \u00a0 \u00a0 \u00a0 \u00a0 \u00a0 \u00a0 \u00a0 \u00a0 \u00a0 \u00a0 \u00a0 \u00a0 \u00a0 \u00a0 \u00a0 \u00a0 \u00a0 \u00a0 \u00a0Tarification<\/h5><p>\u00a0 \u00a0 \u00a0 \u00a0 \u00a0 \u00a0 \u00a0 \u00a0 \u00a0 \u00a0 \u00a0 \u00a0 \u00a0 \u00a0 \u00a0 \u00a0 \u00a0 \u00a0 \u00a0 \u00a0 \u00a0 \u00a0 \u00a0 \u00a0 \u00a0 \u00a0 \u00a0\u00c0 partir de <b>2500 \u20ac HT \/ an<\/b><\/p><\/div><blockquote data-start=\"1351\" data-end=\"1558\"><p data-start=\"1353\" data-end=\"1558\">\u00a0<\/p><\/blockquote>\t\t\t\t\t\t\t\t<\/div>\n\t\t\t\t<\/div>\n\t\t\t\t<\/div>\n\t\t\t\t\t<\/div>\n\t\t\t\t<\/div>\n\t\t<div class=\"elementor-element elementor-element-f099f4b e-flex e-con-boxed e-con e-parent\" data-id=\"f099f4b\" data-element_type=\"container\" data-settings=\"{&quot;shape_divider_top&quot;:&quot;clouds&quot;}\">\n\t\t\t\t\t<div class=\"e-con-inner\">\n\t\t\t\t<div class=\"elementor-shape elementor-shape-top\" data-negative=\"false\">\n\t\t\t<svg xmlns=\"http:\/\/www.w3.org\/2000\/svg\" viewBox=\"0 0 283.5 27.8\" preserveAspectRatio=\"xMidYMax slice\">\n  <path class=\"elementor-shape-fill\" d=\"M0 0v6.7c1.9-.8 4.7-1.4 8.5-1 9.5 1.1 11.1 6 11.1 6s2.1-.7 4.3-.2c2.1.5 2.8 2.6 2.8 2.6s.2-.5 1.4-.7c1.2-.2 1.7.2 1.7.2s0-2.1 1.9-2.8c1.9-.7 3.6.7 3.6.7s.7-2.9 3.1-4.1 4.7 0 4.7 0 1.2-.5 2.4 0 1.7 1.4 1.7 1.4h1.4c.7 0 1.2.7 1.2.7s.8-1.8 4-2.2c3.5-.4 5.3 2.4 6.2 4.4.4-.4 1-.7 1.8-.9 2.8-.7 4 .7 4 .7s1.7-5 11.1-6c9.5-1.1 12.3 3.9 12.3 3.9s1.2-4.8 5.7-5.7c4.5-.9 6.8 1.8 6.8 1.8s.6-.6 1.5-.9c.9-.2 1.9-.2 1.9-.2s5.2-6.4 12.6-3.3c7.3 3.1 4.7 9 4.7 9s1.9-.9 4 0 2.8 2.4 2.8 2.4 1.9-1.2 4.5-1.2 4.3 1.2 4.3 1.2.2-1 1.4-1.7 2.1-.7 2.1-.7-.5-3.1 2.1-5.5 5.7-1.4 5.7-1.4 1.5-2.3 4.2-1.1c2.7 1.2 1.7 5.2 1.7 5.2s.3-.1 1.3.5c.5.4.8.8.9 1.1.5-1.4 2.4-5.8 8.4-4 7.1 2.1 3.5 8.9 3.5 8.9s.8-.4 2 0 1.1 1.1 1.1 1.1 1.1-1.1 2.3-1.1 2.1.5 2.1.5 1.9-3.6 6.2-1.2 1.9 6.4 1.9 6.4 2.6-2.4 7.4 0c3.4 1.7 3.9 4.9 3.9 4.9s3.3-6.9 10.4-7.9 11.5 2.6 11.5 2.6.8 0 1.2.2c.4.2.9.9.9.9s4.4-3.1 8.3.2c1.9 1.7 1.5 5 1.5 5s.3-1.1 1.6-1.4c1.3-.3 2.3.2 2.3.2s-.1-1.2.5-1.9 1.9-.9 1.9-.9-4.7-9.3 4.4-13.4c5.6-2.5 9.2.9 9.2.9s5-6.2 15.9-6.2 16.1 8.1 16.1 8.1.7-.2 1.6-.4V0H0z\"\/>\n<\/svg>\n\t\t<\/div>\n\t\t<div class=\"elementor-element elementor-element-c7dd449 e-con-full e-flex e-con e-child\" data-id=\"c7dd449\" data-element_type=\"container\">\n\t\t\t\t<div class=\"elementor-element elementor-element-ed4e2d3 elementor-widget elementor-widget-spacer\" data-id=\"ed4e2d3\" data-element_type=\"widget\" data-widget_type=\"spacer.default\">\n\t\t\t\t<div class=\"elementor-widget-container\">\n\t\t\t\t\t\t\t<div class=\"elementor-spacer\">\n\t\t\t<div class=\"elementor-spacer-inner\"><\/div>\n\t\t<\/div>\n\t\t\t\t\t\t<\/div>\n\t\t\t\t<\/div>\n\t\t\t\t<div class=\"elementor-element elementor-element-b7a584b elementor-widget elementor-widget-spacer\" data-id=\"b7a584b\" data-element_type=\"widget\" data-widget_type=\"spacer.default\">\n\t\t\t\t<div class=\"elementor-widget-container\">\n\t\t\t\t\t\t\t<div class=\"elementor-spacer\">\n\t\t\t<div class=\"elementor-spacer-inner\"><\/div>\n\t\t<\/div>\n\t\t\t\t\t\t<\/div>\n\t\t\t\t<\/div>\n\t\t\t\t<div class=\"elementor-element elementor-element-1782118 elementor-widget elementor-widget-text-editor\" data-id=\"1782118\" data-element_type=\"widget\" data-widget_type=\"text-editor.default\">\n\t\t\t\t<div class=\"elementor-widget-container\">\n\t\t\t\t\t\t\t\t\t<p>Cette formation vous donne les cl\u00e9s pour jouer et faire jouer, en explorant des th\u00e9matiques majeures comme le <strong>management responsable<\/strong>, l<strong>a diversit\u00e9 en entreprise<\/strong> ou <strong>la transition \u00e9cologique<\/strong>.<\/p>\t\t\t\t\t\t\t\t<\/div>\n\t\t\t\t<\/div>\n\t\t\t\t<\/div>\n\t\t\t\t\t<\/div>\n\t\t\t\t<\/div>\n\t\t\t\t<\/div>\n\t\t","protected":false},"excerpt":{"rendered":"<p>La m\u00e9thode En Jeux\u00ae au service de vos enjeux \u00a0 En Jeux\u00ae met la puissance du jeu au c\u0153ur de vos transformations. Que vous soyez une entreprise, une association ou un \u00e9tablissement d\u2019enseignement, nos serious games permettent de mobiliser l\u2019intelligence collective autour de vos enjeux RSE, manag\u00e9riaux ou p\u00e9dagogiques. D\u00e9couvrez nos formats adapt\u00e9s \u00e0 vos [&hellip;]<\/p>\n","protected":false},"author":2,"featured_media":0,"parent":0,"menu_order":0,"comment_status":"closed","ping_status":"closed","template":"","meta":{"footnotes":""},"class_list":["post-494","page","type-page","status-publish","hentry"],"_links":{"self":[{"href":"https:\/\/en-jeux.fr\/index.php\/wp-json\/wp\/v2\/pages\/494","targetHints":{"allow":["GET"]}}],"collection":[{"href":"https:\/\/en-jeux.fr\/index.php\/wp-json\/wp\/v2\/pages"}],"about":[{"href":"https:\/\/en-jeux.fr\/index.php\/wp-json\/wp\/v2\/types\/page"}],"author":[{"embeddable":true,"href":"https:\/\/en-jeux.fr\/index.php\/wp-json\/wp\/v2\/users\/2"}],"replies":[{"embeddable":true,"href":"https:\/\/en-jeux.fr\/index.php\/wp-json\/wp\/v2\/comments?post=494"}],"version-history":[{"count":40,"href":"https:\/\/en-jeux.fr\/index.php\/wp-json\/wp\/v2\/pages\/494\/revisions"}],"predecessor-version":[{"id":671,"href":"https:\/\/en-jeux.fr\/index.php\/wp-json\/wp\/v2\/pages\/494\/revisions\/671"}],"wp:attachment":[{"href":"https:\/\/en-jeux.fr\/index.php\/wp-json\/wp\/v2\/media?parent=494"}],"curies":[{"name":"wp","href":"https:\/\/api.w.org\/{rel}","templated":true}]}}