{"id":654,"date":"2025-08-24T22:08:03","date_gmt":"2025-08-24T20:08:03","guid":{"rendered":"https:\/\/en-jeux.fr\/?page_id=654"},"modified":"2025-08-24T22:14:16","modified_gmt":"2025-08-24T20:14:16","slug":"mentions-legales-2","status":"publish","type":"page","link":"https:\/\/en-jeux.fr\/index.php\/mentions-legales-2\/","title":{"rendered":"Mentions l\u00e9gales"},"content":{"rendered":"\t\t<div data-elementor-type=\"wp-page\" data-elementor-id=\"654\" class=\"elementor elementor-654\">\n\t\t\t\t<div class=\"elementor-element elementor-element-b9e45e2 e-flex e-con-boxed e-con e-parent\" data-id=\"b9e45e2\" data-element_type=\"container\">\n\t\t\t\t\t<div class=\"e-con-inner\">\n\t\t\t\t<div class=\"elementor-element elementor-element-26f4033 elementor-widget elementor-widget-heading\" data-id=\"26f4033\" data-element_type=\"widget\" data-widget_type=\"heading.default\">\n\t\t\t\t<div class=\"elementor-widget-container\">\n\t\t\t\t\t<h2 class=\"elementor-heading-title elementor-size-default\">Mentions l\u00e9gales \u2013 En Jeux<\/h2>\t\t\t\t<\/div>\n\t\t\t\t<\/div>\n\t\t\t\t<div class=\"elementor-element elementor-element-c89dc09 elementor-widget elementor-widget-text-editor\" data-id=\"c89dc09\" data-element_type=\"widget\" data-widget_type=\"text-editor.default\">\n\t\t\t\t<div class=\"elementor-widget-container\">\n\t\t\t\t\t\t\t\t\t<h2 data-start=\"95\" data-end=\"118\">1. \u00c9diteur du site<\/h2><p class=\"font_8 wixui-rich-text__text\"><span class=\"wixui-rich-text__text\"><span class=\"color_18 wixui-rich-text__text\">Le pr\u00e9sent site est \u00e9dit\u00e9 par CAPORG SARL<\/span><\/span><\/p><p class=\"font_8 wixui-rich-text__text\"><br class=\"wixui-rich-text__text\" \/><span class=\"wixui-rich-text__text\"><span class=\"color_18 wixui-rich-text__text\">Email :\u00a0<a class=\"wixui-rich-text__text\" href=\"mailto:contact@caporf.org\" data-auto-recognition=\"true\">contact@caporg.org<\/a><\/span><\/span><br class=\"wixui-rich-text__text\" \/><span class=\"color_41 wixui-rich-text__text\"><span class=\"wixui-rich-text__text\">RCS Bayonne B 435 297 171 00017<\/span><\/span><\/p><p class=\"font_8 wixui-rich-text__text\"><span class=\"color_41 wixui-rich-text__text\"><span class=\"wixui-rich-text__text\">Code APE :\u00a0 7022Z<\/span><\/span><\/p><p class=\"font_8 wixui-rich-text__text\"><span class=\"color_41 wixui-rich-text__text\"><span class=\"wixui-rich-text__text\">Install\u00e9e \u00e0 HENDAYE (64700)<\/span><\/span><br class=\"wixui-rich-text__text\" \/><span class=\"color_41 wixui-rich-text__text\"><span class=\"wixui-rich-text__text\">N\u00b0 TVA : FR22435297171<\/span><\/span><br class=\"wixui-rich-text__text\" \/><span class=\"wixui-rich-text__text\"><span class=\"color_18 wixui-rich-text__text\">Capital social :\u00a0<\/span><\/span><span class=\"color_41 wixui-rich-text__text\"><span class=\"wixui-rich-text__text\">SARL au capital de 8 000\u20ac<\/span><\/span><\/p><p class=\"font_8 wixui-rich-text__text\">Responsable de la publication et g<span class=\"color_41 wixui-rich-text__text\"><span class=\"wixui-rich-text__text\">\u00e9rant : Damien PATAKI<\/span><\/span><\/p><p data-start=\"119\" data-end=\"484\"><br data-start=\"442\" data-end=\"445\" \/>2. H\u00e9bergeur<\/p><p data-start=\"504\" data-end=\"678\">Le site est h\u00e9berg\u00e9 par :<br data-start=\"529\" data-end=\"532\" \/><strong data-start=\"532\" data-end=\"550\">OVH Groupe SAS<\/strong><br data-start=\"550\" data-end=\"553\" \/>Si\u00e8ge social : 2 rue Kellermann \u2013 59100 Roubaix \u2013 France<br data-start=\"609\" data-end=\"612\" \/>Site web : <a class=\"decorated-link cursor-pointer\" target=\"_new\" rel=\"noopener\" data-start=\"642\" data-end=\"676\">www.ovh.com<\/a><\/p><h2 data-start=\"680\" data-end=\"712\">3. Propri\u00e9t\u00e9 intellectuelle<\/h2><p data-start=\"713\" data-end=\"1213\">L\u2019ensemble des \u00e9l\u00e9ments pr\u00e9sents sur le site (textes, images, graphismes, logos, vid\u00e9os, architecture, code, etc.) est la propri\u00e9t\u00e9 exclusive de <strong data-start=\"858\" data-end=\"878\">CapOrg \/ En Jeux<\/strong>, sauf mention contraire.<br data-start=\"903\" data-end=\"906\" \/>Toute reproduction, repr\u00e9sentation, modification, publication, transmission ou d\u00e9naturation, totale ou partielle, du site ou de son contenu, sans autorisation pr\u00e9alable, est interdite et constituerait une contrefa\u00e7on sanctionn\u00e9e par les articles L.335-2 et suivants du Code de la propri\u00e9t\u00e9 intellectuelle.<\/p><h2 data-start=\"1215\" data-end=\"1254\">4. Donn\u00e9es personnelles et cookies<\/h2><p data-start=\"1255\" data-end=\"1379\">Conform\u00e9ment au R\u00e8glement G\u00e9n\u00e9ral sur la Protection des Donn\u00e9es (RGPD) et \u00e0 la loi \u00ab Informatique et Libert\u00e9s \u00bb modifi\u00e9e :<\/p><ul data-start=\"1380\" data-end=\"1874\"><li data-start=\"1380\" data-end=\"1527\"><p data-start=\"1382\" data-end=\"1527\">Les donn\u00e9es collect\u00e9es via le site (formulaire de contact, inscription \u00e0 la newsletter, etc.) sont destin\u00e9es uniquement \u00e0 <strong data-start=\"1504\" data-end=\"1524\">CapOrg \/ En Jeux<\/strong>.<\/p><\/li><li data-start=\"1528\" data-end=\"1664\"><p data-start=\"1530\" data-end=\"1664\">Vous disposez d\u2019un droit d\u2019acc\u00e8s, de rectification, d\u2019effacement, de limitation et d\u2019opposition concernant vos donn\u00e9es personnelles.<\/p><\/li><li data-start=\"1665\" data-end=\"1725\"><p data-start=\"1667\" data-end=\"1725\">Pour exercer vos droits, contactez : <span class=\"wixui-rich-text__text\"><span class=\"color_18 wixui-rich-text__text\"><a class=\"wixui-rich-text__text\" href=\"mailto:contact@caporf.org\" data-auto-recognition=\"true\">contact@caporg.org<\/a><\/span><\/span>.<\/p><\/li><li data-start=\"1726\" data-end=\"1874\"><p data-start=\"1728\" data-end=\"1874\">Le site peut utiliser des cookies pour am\u00e9liorer la navigation et mesurer l\u2019audience. Vous pouvez g\u00e9rer vos pr\u00e9f\u00e9rences depuis votre navigateur.<\/p><\/li><\/ul><h2 data-start=\"1876\" data-end=\"1898\">5. Responsabilit\u00e9<\/h2><p data-start=\"1899\" data-end=\"2163\"><strong data-start=\"1899\" data-end=\"1919\">CapOrg \/ En Jeux<\/strong> s\u2019efforce de fournir des informations exactes et mises \u00e0 jour, mais ne saurait \u00eatre tenu responsable des erreurs, omissions ou \u00e9ventuelles indisponibilit\u00e9s du site.<br data-start=\"2084\" data-end=\"2087\" \/>L\u2019utilisateur reconna\u00eet utiliser le site sous sa responsabilit\u00e9 exclusive.<\/p><h2 data-start=\"2165\" data-end=\"2189\">6. Droit applicable<\/h2><p data-start=\"2190\" data-end=\"2419\">Les pr\u00e9sentes mentions l\u00e9gales sont r\u00e9gies par le droit fran\u00e7ais.<br data-start=\"2255\" data-end=\"2258\" \/>En cas de litige, et \u00e0 d\u00e9faut de solution amiable, comp\u00e9tence exclusive est attribu\u00e9e aux tribunaux du ressort de la cour d\u2019appel du si\u00e8ge social de l\u2019\u00e9diteur.<\/p>\t\t\t\t\t\t\t\t<\/div>\n\t\t\t\t<\/div>\n\t\t\t\t\t<\/div>\n\t\t\t\t<\/div>\n\t\t\t\t<\/div>\n\t\t","protected":false},"excerpt":{"rendered":"<p>Mentions l\u00e9gales \u2013 En Jeux 1. \u00c9diteur du site Le pr\u00e9sent site est \u00e9dit\u00e9 par CAPORG SARL Email :\u00a0contact@caporg.orgRCS Bayonne B 435 297 171 00017 Code APE :\u00a0 7022Z Install\u00e9e \u00e0 HENDAYE (64700)N\u00b0 TVA : FR22435297171Capital social :\u00a0SARL au capital de 8 000\u20ac Responsable de la publication et g\u00e9rant : Damien PATAKI 2. H\u00e9bergeur Le [&hellip;]<\/p>\n","protected":false},"author":2,"featured_media":0,"parent":0,"menu_order":0,"comment_status":"closed","ping_status":"closed","template":"","meta":{"footnotes":""},"class_list":["post-654","page","type-page","status-publish","hentry"],"_links":{"self":[{"href":"https:\/\/en-jeux.fr\/index.php\/wp-json\/wp\/v2\/pages\/654","targetHints":{"allow":["GET"]}}],"collection":[{"href":"https:\/\/en-jeux.fr\/index.php\/wp-json\/wp\/v2\/pages"}],"about":[{"href":"https:\/\/en-jeux.fr\/index.php\/wp-json\/wp\/v2\/types\/page"}],"author":[{"embeddable":true,"href":"https:\/\/en-jeux.fr\/index.php\/wp-json\/wp\/v2\/users\/2"}],"replies":[{"embeddable":true,"href":"https:\/\/en-jeux.fr\/index.php\/wp-json\/wp\/v2\/comments?post=654"}],"version-history":[{"count":4,"href":"https:\/\/en-jeux.fr\/index.php\/wp-json\/wp\/v2\/pages\/654\/revisions"}],"predecessor-version":[{"id":658,"href":"https:\/\/en-jeux.fr\/index.php\/wp-json\/wp\/v2\/pages\/654\/revisions\/658"}],"wp:attachment":[{"href":"https:\/\/en-jeux.fr\/index.php\/wp-json\/wp\/v2\/media?parent=654"}],"curies":[{"name":"wp","href":"https:\/\/api.w.org\/{rel}","templated":true}]}}